{"id":200,"date":"2019-07-08T11:45:43","date_gmt":"2019-07-08T14:45:43","guid":{"rendered":"http:\/\/jeridoo.com.br\/deutsch\/?page_id=200"},"modified":"2020-03-17T15:26:34","modified_gmt":"2020-03-17T18:26:34","slug":"jeridoo-brasil","status":"publish","type":"page","link":"https:\/\/jeridoo.com.br\/deutsch\/","title":{"rendered":"Jeridoo Brasil"},"content":{"rendered":"<div class=\"wpb-content-wrapper\">[vc_row][vc_column][vc_column_text]\n<h2 id=\"111287786737303683\" class=\"element wsite-content-title editable-text cke_editable cke_editable_inline cke_contents_ltr cke_focus cke_show_borders\" style=\"text-align: center;\" tabindex=\"0\" role=\"textbox\" contenteditable=\"true\" spellcheck=\"true\" aria-label=\"false\"><span style=\"font-size: xx-large; color: #000000;\">Weltweit gr\u00f6sstes Filmstudio unter freiem Himmel \u2013 die Fl\u00e4che betr\u00e4gt \u00fcber 700.000 m2 (\u00fcber 172 amerikanischen Acres).<\/span><\/h2>\n[\/vc_column_text][\/vc_column][\/vc_row][vc_row full_width=&#8221;stretch_row&#8221; parallax=&#8221;content-moving&#8221; parallax_image=&#8221;47&#8243; css=&#8221;.vc_custom_1562012323351{padding-top: 30px !important;padding-bottom: 20px !important;}&#8221;][vc_column][vc_text_separator title=&#8221;Rancho Hollywood ist \u00f6kologisch korrekt!&#8221; color=&#8221;custom&#8221; accent_color=&#8221;#ac7a19&#8243; css=&#8221;.vc_custom_1562770212546{padding-top: 40px !important;}&#8221;][vc_empty_space][\/vc_column][vc_column width=&#8221;1\/3&#8243;][vc_single_image image=&#8221;49&#8243; alignment=&#8221;center&#8221;][vc_column_text css=&#8221;.vc_custom_1562770503208{margin-top: 20px !important;}&#8221;]\n<h1 style=\"text-align: center;\"><span style=\"color: #ffffff;\">Solar-Energie-Kraftwerk<\/span><\/h1>\n<h2 style=\"text-align: center;\"><span style=\"color: #ffffff;\">Eigenes Solar-Energie-Kraftwerk mit einer aktuellen Produktion von 24.000 kWh \/ Monat.<\/span><\/h2>\n[\/vc_column_text][\/vc_column][vc_column width=&#8221;1\/3&#8243;][vc_single_image image=&#8221;50&#8243; alignment=&#8221;center&#8221;][vc_column_text css=&#8221;.vc_custom_1562598007353{margin-top: 20px !important;}&#8221;]\n<h1 style=\"text-align: center;\"><span style=\"color: #ffffff;\">Recyclin-Station<\/span><\/h1>\n<h2 style=\"text-align: center;\"><span style=\"color: #ffffff;\">Eigene Recyclin-Station.<\/span><\/h2>\n[\/vc_column_text][\/vc_column][vc_column width=&#8221;1\/3&#8243;][vc_single_image image=&#8221;48&#8243; alignment=&#8221;center&#8221;][vc_column_text css=&#8221;.vc_custom_1562770607690{margin-top: 20px !important;}&#8221;]\n<h1 style=\"text-align: center;\"><span style=\"color: #ffffff;\">Organischer Abfall<\/span><\/h1>\n<h2 style=\"text-align: center;\"><span style=\"color: #ffffff;\">Organischer Abfall wird bei der Schweinezucht verwendet.<\/span><\/h2>\n[\/vc_column_text][\/vc_column][\/vc_row][vc_row][vc_column][vc_text_separator title=&#8221;8 Sekunden im Leben des Jeridoo Universe Brasil Team&#8217;s!&#8221; color=&#8221;custom&#8221; accent_color=&#8221;#ac7a19&#8243; css=&#8221;.vc_custom_1562771067442{padding-top: 40px !important;}&#8221;][vc_empty_space][vc_column_text]\n<h2>Der Pferdetrainer von Rancho Hollywood &#8211; Jeridoo Universe Brasil &#8211; Alb\u00e9rico de Sousa Figueira (Beto) &#8211; nimmt bei den nationalen und staatlichen Rodeo&#8217;s 2020 teil und disputiert den grossen Preis.<\/h2>\n[\/vc_column_text][\/vc_column][vc_column width=&#8221;1\/3&#8243;][vc_single_image image=&#8221;65&#8243; alignment=&#8221;center&#8221;][\/vc_column][vc_column width=&#8221;2\/3&#8243;][vc_video link=&#8221;https:\/\/youtu.be\/esRMEUIJ-7E&#8221; align=&#8221;center&#8221; css=&#8221;.vc_custom_1562009687495{padding-top: 20px !important;}&#8221;][\/vc_column][\/vc_row]\n<\/div>","protected":false},"excerpt":{"rendered":"<p>[vc_row][vc_column][vc_column_text] Weltweit gr\u00f6sstes Filmstudio unter freiem Himmel \u2013 die Fl\u00e4che betr\u00e4gt \u00fcber 700.000 m2 (\u00fcber 172 amerikanischen Acres). [\/vc_column_text][\/vc_column][\/vc_row][vc_row full_width=&#8221;stretch_row&#8221; parallax=&#8221;content-moving&#8221; parallax_image=&#8221;47&#8243; css=&#8221;.vc_custom_1562012323351{padding-top: 30px !important;padding-bottom: 20px !important;}&#8221;][vc_column][vc_text_separator title=&#8221;Rancho Hollywood ist \u00f6kologisch korrekt!&#8221; color=&#8221;custom&#8221; accent_color=&#8221;#ac7a19&#8243; css=&#8221;.vc_custom_1562770212546{padding-top: 40px !important;}&#8221;][vc_empty_space][\/vc_column][vc_column width=&#8221;1\/3&#8243;][vc_single_image image=&#8221;49&#8243; alignment=&#8221;center&#8221;][vc_column_text css=&#8221;.vc_custom_1562770503208{margin-top: 20px !important;}&#8221;] Solar-Energie-Kraftwerk Eigenes Solar-Energie-Kraftwerk mit einer aktuellen Produktion von 24.000 kWh \/ Monat.&hellip;<\/p>\n","protected":false},"author":1,"featured_media":0,"parent":0,"menu_order":0,"comment_status":"closed","ping_status":"closed","template":"templates\/no-sidebar.php","meta":{"footnotes":""},"class_list":["post-200","page","type-page","status-publish","hentry","entry","no-media"],"_links":{"self":[{"href":"https:\/\/jeridoo.com.br\/deutsch\/wp-json\/wp\/v2\/pages\/200","targetHints":{"allow":["GET"]}}],"collection":[{"href":"https:\/\/jeridoo.com.br\/deutsch\/wp-json\/wp\/v2\/pages"}],"about":[{"href":"https:\/\/jeridoo.com.br\/deutsch\/wp-json\/wp\/v2\/types\/page"}],"author":[{"embeddable":true,"href":"https:\/\/jeridoo.com.br\/deutsch\/wp-json\/wp\/v2\/users\/1"}],"replies":[{"embeddable":true,"href":"https:\/\/jeridoo.com.br\/deutsch\/wp-json\/wp\/v2\/comments?post=200"}],"version-history":[{"count":16,"href":"https:\/\/jeridoo.com.br\/deutsch\/wp-json\/wp\/v2\/pages\/200\/revisions"}],"predecessor-version":[{"id":266,"href":"https:\/\/jeridoo.com.br\/deutsch\/wp-json\/wp\/v2\/pages\/200\/revisions\/266"}],"wp:attachment":[{"href":"https:\/\/jeridoo.com.br\/deutsch\/wp-json\/wp\/v2\/media?parent=200"}],"curies":[{"name":"wp","href":"https:\/\/api.w.org\/{rel}","templated":true}]}}