{"id":208,"date":"2019-07-08T12:04:24","date_gmt":"2019-07-08T15:04:24","guid":{"rendered":"http:\/\/jeridoo.com.br\/deutsch\/?page_id=208"},"modified":"2019-07-10T12:09:45","modified_gmt":"2019-07-10T15:09:45","slug":"die-ranch","status":"publish","type":"page","link":"https:\/\/jeridoo.com.br\/deutsch\/die-ranch\/","title":{"rendered":"Die Ranch"},"content":{"rendered":"<div class=\"wpb-content-wrapper\">[vc_row full_width=&#8221;stretch_row&#8221; css=&#8221;.vc_custom_1562018075398{padding-top: 30px !important;background-image: url(https:\/\/jeridoo.com.br\/deutsch\/wp-content\/uploads\/2019\/07\/bg_rancho.jpg?id=80) !important;background-position: center !important;background-repeat: no-repeat !important;background-size: cover !important;}&#8221;][vc_column][vc_column_text]\n<h1 class=\"wsite-content-title\" style=\"text-align: center;\"><span style=\"font-size: xx-large; color: #ffffff;\">\u200bJeridoo und Rancho Hollywood<\/span><\/h1>\n[\/vc_column_text][\/vc_column][\/vc_row][vc_row css=&#8221;.vc_custom_1562018014749{padding-top: 30px !important;padding-bottom: 20px !important;}&#8221;][vc_column][vc_text_separator title=&#8221;Jeridoo Universe Brasil Ltda.&#8221; color=&#8221;custom&#8221; accent_color=&#8221;#ac7a19&#8243;][vc_empty_space][vc_column_text]Weltweit gr\u00f6sstes Filmstudio unter freiem Himmel \u2013 die Fl\u00e4che betr\u00e4gt \u00fcber 700.000 m2 (\u00fcber 172 amerikanischen Acres).[\/vc_column_text][\/vc_column][\/vc_row][vc_row][vc_column][vc_text_separator title=&#8221;Was macht Jeridoo Universe Brasil Ltda.?&#8221; color=&#8221;custom&#8221; accent_color=&#8221;#ac7a19&#8243;][vc_empty_space][vc_column_text]\n<ul>\n<li>Produktion von Kinofilmen, Video- und Fernsehprogrammen;<\/li>\n<li>Werbefilmproduktion;<\/li>\n<li>Filmstudios;<\/li>\n<li>Darstellende K\u00fcnste, Shows und erg\u00e4nzende Aktivit\u00e4ten;<\/li>\n<li>Vertrieb von Filmen, Video- und Fernsehprogrammen;<\/li>\n<li>Handelsvertreter und Vertreter des Warenhandels im allgemeinen;<\/li>\n<li>Einzelhandel mit Getr\u00e4nken.<\/li>\n<\/ul>\n[\/vc_column_text][\/vc_column][\/vc_row][vc_row][vc_column][vc_text_separator title=&#8221;Rancho Hollywood&#8221; color=&#8221;custom&#8221; accent_color=&#8221;#ac7a19&#8243;][vc_empty_space][vc_row_inner][vc_column_inner width=&#8221;1\/2&#8243;][vc_single_image image=&#8221;89&#8243; alignment=&#8221;center&#8221;][\/vc_column_inner][vc_column_inner width=&#8221;1\/2&#8243;][vc_column_text]\n<ul>\n<li>Tierzuchten f\u00fcr Filmaufnahmen;<\/li>\n<li>Therapie &#8211; und Reabilitationszentrum \u2013 Fisioterapie f\u00fcr die Tiere (spezialisiert f\u00fcr Pferde) die f\u00fcr Filmaufnahmen<br \/>\neingesetzt werden aber auch f\u00fcr Tiere die Sport betreiben;<\/li>\n<li>Tierarzt, Tiertrainer, Tierpfleger, Sanit\u00e4ter vor Ort;<\/li>\n<li>Ausbildungs- und Trainigszentrum f\u00fcr die Filmtiere;<\/li>\n<li>Pferdezucht (Quarterhorse, Painthorse u.a.) sowie andere Tierzuchten.<\/li>\n<\/ul>\n[\/vc_column_text][\/vc_column_inner][\/vc_row_inner][\/vc_column][\/vc_row][vc_row][vc_column][vc_text_separator title=&#8221;Hotels \/ Restaurant \/ Einkaufen \/ Vergn\u00fcgen und Freizeit&#8221; color=&#8221;custom&#8221; accent_color=&#8221;#ac7a19&#8243;][vc_empty_space][vc_column_text]Die Stadt Goian\u00e9sia, die sehr Nahe bei weltgr\u00f6ssten Filmstudio liegt, ist nur 18 km entfernt.<\/p>\n<p>In den vor Ort liegenden Hotels k\u00f6nnen ohne Probleme mehr als 200 Personen beherbergt<br \/>\nwerden. Wie z.B. Schauspieler, Filmcrew, Produktion, Mitarbeiter, Besucher usw.\u00a0<u><a href=\"https:\/\/www.tripadvisor.com.br\/Hotels-g2344293-Goianesia_State_of_Goias-Hotels.html%20https:\/\/www.booking.com\/searchresults.pt-br.html?aid=1702940;label=goianesia\" target=\"_blank\" rel=\"noopener noreferrer\" data-cke-saved-href=\"https:\/\/www.tripadvisor.com.br\/Hotels-g2344293-Goianesia_State_of_Goias-Hotels.html https:\/\/www.booking.com\/searchresults.pt-br.html?aid=1702940;label=goianesia\">SEHEN WO.<\/a><\/u><\/p>\n<p>Ebenso besitzt die Jeridoo Universe Brasil Ltda. einen eigenen Transfer in die Stadt.<\/p>\n<p>In der Stadt stehen Ihnen mehr als 92 Lokale f\u00fcr Ihre Verpflegung zur Verf\u00fcgung.\u00a0<u><a href=\"https:\/\/www.tripadvisor.com.br\/Restaurants-g2344293-Goianesia_State_of_Goias.html\" target=\"_blank\" rel=\"noopener noreferrer\" data-cke-saved-href=\"https:\/\/www.tripadvisor.com.br\/Restaurants-g2344293-Goianesia_State_of_Goias.html\">SEHEN WO.<\/a><\/u><\/p>\n<p>F\u00fcr Eink\u00e4ufe findet man in der Stadt ebenfalls ausreichende M\u00f6glichkeiten.\u00a0<u><a href=\"http:\/\/www.guiato.com.br\/Goianesia\" target=\"_blank\" rel=\"noopener noreferrer\" data-cke-saved-href=\"http:\/\/www.guiato.com.br\/Goianesia\">SEHEN WO.<\/a><\/u><\/p>\n<p>F\u00fcr mehr Informationen \u00fcber Goian\u00e9sia,\u00a0<u><a href=\"https:\/\/www.goianesia.go.gov.br\/\" target=\"_blank\" rel=\"noopener noreferrer\" data-cke-saved-href=\"https:\/\/www.goianesia.go.gov.br\/\">besuchen sie die site.<\/a><\/u><br \/>\n\u200b[\/vc_column_text][\/vc_column][\/vc_row][vc_row][vc_column][vc_text_separator title=&#8221;Schaffung von Arbeitspl\u00e4tzen&#8221; color=&#8221;custom&#8221; accent_color=&#8221;#ac7a19&#8243;][vc_empty_space][vc_column_text]Bei einer Filmproduktion schaft die Jeridoo Universe Brasil Ltda. mehr als 1000 direkte und indirekte Arbeitspl\u00e4tze in der Region. Registriere bereits jetzt dein Lebenslauf und Referenzen bei der Jeridoo Universe Brasil Ltda.<\/p>\n<p>Registrierung unter:\u00a0claudio@jeridooproductions.com[\/vc_column_text][\/vc_column][\/vc_row][vc_row][vc_column][vc_text_separator title=&#8221;Angebote und Leistungen von Rancho Hollywood gem\u00e4ss Filmproduktion&#8221; color=&#8221;custom&#8221; accent_color=&#8221;#ac7a19&#8243;][vc_empty_space][vc_row_inner][vc_column_inner width=&#8221;1\/3&#8243;][vc_column_text]Spezielle Tierzuchten:<\/p>\n<ul>\n<li>Pferde speziell trainiert f\u00fcr Filmaufnahmen<\/li>\n<li>Schweine \/ Wildschweine<\/li>\n<li>H\u00fchner und V\u00f6gel allgemein<\/li>\n<li>Hunde \/ Wildhunde<\/li>\n<li>Katzen<\/li>\n<li>Straussen \/ B\u00fcffel \/ K\u00fche<\/li>\n<li>u.s.w<\/li>\n<\/ul>\n[\/vc_column_text][\/vc_column_inner][vc_column_inner width=&#8221;1\/3&#8243;][vc_column_text]Je nach der auszuf\u00fchrenden Produktion werden spezielle Piketts \/ Filmsets angepflanzt\u00a0F\u00fcr Abhandlungen des ilmes und Filmaufnahmen ben\u00f6tigt es je nach Handlungsland (Europa,\u00a0Asien, USA)\u00a0 andere Flora und Fauna.[\/vc_column_text][\/vc_column_inner][vc_column_inner width=&#8221;1\/3&#8243;][vc_column_text]Jeridoo Universe Brasil Ltda. bietet eine eigene Holzsagerei an. Unter Lizenz (IBAMA) wird das\u00a0Holz geschlagen. Dieses Material wird zum Kulissenbau und andere Arbeiten verwendet.<br \/>\nAusschliesslich f\u00fcr den Eigen![\/vc_column_text][\/vc_column_inner][\/vc_row_inner][\/vc_column][\/vc_row][vc_row][vc_column][vc_text_separator title=&#8221;Jeridoo Universe Brasil Ltda. ist \u00f6kologisch.&#8221; color=&#8221;custom&#8221; accent_color=&#8221;#ac7a19&#8243;][vc_empty_space][vc_row_inner][vc_column_inner width=&#8221;1\/2&#8243;][vc_single_image image=&#8221;97&#8243; alignment=&#8221;center&#8221;][\/vc_column_inner][vc_column_inner width=&#8221;1\/2&#8243;][vc_column_text]\n<ul>\n<li>Eigenes Solar-Energie-Kraftwerk mit einer aktuellen Produktion von 24.000 kWh \/ Monat.;<\/li>\n<li>Transport zum Filmset mit Kutschen oder Elektrofahrzeuge;<\/li>\n<li>Eigene Recyclin-Station;<\/li>\n<li>Organischer Abfall wird bei der Schweinezucht verwendet;<\/li>\n<li>Eigene Produktion von Trinkwasser. Wasserbohrung von 152 m Tiefe und einem Reservoir von 10.000 Liter;<\/li>\n<li>Eigene zwei Wasserquellen.<\/li>\n<li><\/li>\n<\/ul>\n[\/vc_column_text][\/vc_column_inner][\/vc_row_inner][\/vc_column][\/vc_row][vc_row][vc_column][vc_text_separator title=&#8221;Vergn\u00fcgen und Freizeit&#8221; color=&#8221;custom&#8221; accent_color=&#8221;#ac7a19&#8243;][vc_empty_space][vc_column_text]Wanderwege, Reiten, Wandern, Fischen.[\/vc_column_text][\/vc_column][\/vc_row]\n<\/div>","protected":false},"excerpt":{"rendered":"<p>[vc_row full_width=&#8221;stretch_row&#8221; css=&#8221;.vc_custom_1562018075398{padding-top: 30px !important;background-image: url(https:\/\/jeridoo.com.br\/deutsch\/wp-content\/uploads\/2019\/07\/bg_rancho.jpg?id=80) !important;background-position: center !important;background-repeat: no-repeat !important;background-size: cover !important;}&#8221;][vc_column][vc_column_text] \u200bJeridoo und Rancho Hollywood [\/vc_column_text][\/vc_column][\/vc_row][vc_row css=&#8221;.vc_custom_1562018014749{padding-top: 30px !important;padding-bottom: 20px !important;}&#8221;][vc_column][vc_text_separator title=&#8221;Jeridoo Universe Brasil Ltda.&#8221; color=&#8221;custom&#8221; accent_color=&#8221;#ac7a19&#8243;][vc_empty_space][vc_column_text]Weltweit gr\u00f6sstes Filmstudio unter freiem Himmel \u2013 die Fl\u00e4che betr\u00e4gt \u00fcber 700.000 m2 (\u00fcber 172 amerikanischen Acres).[\/vc_column_text][\/vc_column][\/vc_row][vc_row][vc_column][vc_text_separator title=&#8221;Was macht Jeridoo Universe Brasil Ltda.?&#8221; color=&#8221;custom&#8221; accent_color=&#8221;#ac7a19&#8243;][vc_empty_space][vc_column_text] Produktion von&hellip;<\/p>\n","protected":false},"author":1,"featured_media":0,"parent":0,"menu_order":0,"comment_status":"closed","ping_status":"closed","template":"templates\/no-sidebar.php","meta":{"footnotes":""},"class_list":["post-208","page","type-page","status-publish","hentry","entry","no-media"],"_links":{"self":[{"href":"https:\/\/jeridoo.com.br\/deutsch\/wp-json\/wp\/v2\/pages\/208","targetHints":{"allow":["GET"]}}],"collection":[{"href":"https:\/\/jeridoo.com.br\/deutsch\/wp-json\/wp\/v2\/pages"}],"about":[{"href":"https:\/\/jeridoo.com.br\/deutsch\/wp-json\/wp\/v2\/types\/page"}],"author":[{"embeddable":true,"href":"https:\/\/jeridoo.com.br\/deutsch\/wp-json\/wp\/v2\/users\/1"}],"replies":[{"embeddable":true,"href":"https:\/\/jeridoo.com.br\/deutsch\/wp-json\/wp\/v2\/comments?post=208"}],"version-history":[{"count":4,"href":"https:\/\/jeridoo.com.br\/deutsch\/wp-json\/wp\/v2\/pages\/208\/revisions"}],"predecessor-version":[{"id":237,"href":"https:\/\/jeridoo.com.br\/deutsch\/wp-json\/wp\/v2\/pages\/208\/revisions\/237"}],"wp:attachment":[{"href":"https:\/\/jeridoo.com.br\/deutsch\/wp-json\/wp\/v2\/media?parent=208"}],"curies":[{"name":"wp","href":"https:\/\/api.w.org\/{rel}","templated":true}]}}